{"id":387,"date":"2026-01-08T11:00:25","date_gmt":"2026-01-08T11:00:25","guid":{"rendered":"https:\/\/timberbox.hu\/?post_type=product&#038;p=387"},"modified":"2026-01-08T11:09:50","modified_gmt":"2026-01-08T11:09:50","slug":"kerti-fotel","status":"publish","type":"product","link":"https:\/\/timberbox.hu\/?product=kerti-fotel","title":{"rendered":"Kerti fotel"},"content":{"rendered":"<p data-start=\"255\" data-end=\"488\">Ez a <strong data-start=\"260\" data-end=\"287\">60 \u00d7 30 cm-es vir\u00e1gl\u00e1da<\/strong> min\u0151s\u00e9gi <strong data-start=\"297\" data-end=\"316\">borovi feny\u0151b\u0151l<\/strong> k\u00e9sz\u00fclt, gondosan megmunk\u00e1lt, sz\u00e9p ar\u00e1ny\u00fa kivitelben. Term\u00e9szetes anyaga meleg, id\u0151t\u00e1ll\u00f3 megjelen\u00e9st ad, mik\u00f6zben stabil \u00e9s megb\u00edzhat\u00f3 tart\u00e1st biztos\u00edt a n\u00f6v\u00e9nyek sz\u00e1m\u00e1ra.<\/p>\n<p data-start=\"490\" data-end=\"693\">Kompakt m\u00e9rete miatt ide\u00e1lis v\u00e1laszt\u00e1s <strong data-start=\"529\" data-end=\"560\">teraszon, erk\u00e9lyen, kertben<\/strong>, de letisztult formavil\u00e1ga miatt <strong data-start=\"594\" data-end=\"607\">belt\u00e9rben<\/strong> is j\u00f3l \u00e9rv\u00e9nyes\u00fcl. Alkalmas vir\u00e1gok, f\u0171szern\u00f6v\u00e9nyek vagy kisebb z\u00f6lds\u00e9gek \u00fcltet\u00e9s\u00e9re.<\/p>\n<p data-start=\"695\" data-end=\"851\">A prec\u00edz kialak\u00edt\u00e1s \u00e9s a term\u00e9szetes faanyag harmonikus \u00f6sszhat\u00e1st teremt, \u00edgy a vir\u00e1gl\u00e1da nemcsak praktikus, hanem dekorat\u00edv eleme is lesz a k\u00f6rnyezet\u00e9nek.<\/p>\n","protected":false},"excerpt":{"rendered":"<p>K\u00e9zzel k\u00e9sz\u00edtett, term\u00e9szetes feny\u0151f\u00e1b\u00f3l k\u00e9sz\u00fclt kerti fotel <strong>egy f\u0151 r\u00e9sz\u00e9re.<\/strong><\/p>\n","protected":false},"featured_media":390,"comment_status":"open","ping_status":"closed","template":"","meta":[],"product_brand":[],"product_cat":[25],"product_tag":[24,23,21],"class_list":{"0":"post-387","1":"product","2":"type-product","3":"status-publish","4":"has-post-thumbnail","6":"product_cat-kerti-butorok","7":"product_tag-kerti-pad","8":"product_tag-pad","9":"product_tag-viraglada","11":"first","12":"instock","13":"shipping-taxable","14":"purchasable","15":"product-type-simple"},"jetpack_sharing_enabled":true,"_links":{"self":[{"href":"https:\/\/timberbox.hu\/index.php?rest_route=\/wp\/v2\/product\/387","targetHints":{"allow":["GET"]}}],"collection":[{"href":"https:\/\/timberbox.hu\/index.php?rest_route=\/wp\/v2\/product"}],"about":[{"href":"https:\/\/timberbox.hu\/index.php?rest_route=\/wp\/v2\/types\/product"}],"replies":[{"embeddable":true,"href":"https:\/\/timberbox.hu\/index.php?rest_route=%2Fwp%2Fv2%2Fcomments&post=387"}],"wp:featuredmedia":[{"embeddable":true,"href":"https:\/\/timberbox.hu\/index.php?rest_route=\/wp\/v2\/media\/390"}],"wp:attachment":[{"href":"https:\/\/timberbox.hu\/index.php?rest_route=%2Fwp%2Fv2%2Fmedia&parent=387"}],"wp:term":[{"taxonomy":"product_brand","embeddable":true,"href":"https:\/\/timberbox.hu\/index.php?rest_route=%2Fwp%2Fv2%2Fproduct_brand&post=387"},{"taxonomy":"product_cat","embeddable":true,"href":"https:\/\/timberbox.hu\/index.php?rest_route=%2Fwp%2Fv2%2Fproduct_cat&post=387"},{"taxonomy":"product_tag","embeddable":true,"href":"https:\/\/timberbox.hu\/index.php?rest_route=%2Fwp%2Fv2%2Fproduct_tag&post=387"}],"curies":[{"name":"wp","href":"https:\/\/api.w.org\/{rel}","templated":true}]}}